{"id":90,"date":"2022-03-06T22:50:29","date_gmt":"2022-03-06T22:50:29","guid":{"rendered":"https:\/\/szegedy-maszak.hu\/?page_id=90"},"modified":"2023-10-01T09:40:39","modified_gmt":"2023-10-01T09:40:39","slug":"media","status":"publish","type":"page","link":"https:\/\/szegedy-maszak.hu\/?page_id=90","title":{"rendered":"Media"},"content":{"rendered":"<p><span class=\"MENUcimszovegben\">Vide\u00f3k \/ Videos<\/span><\/p>\n<p style=\"text-align: center;\"><iframe loading=\"lazy\" title=\"Interj\u00fa Szegedy-Masz\u00e1k Mih\u00e1llyal\" src=\"https:\/\/www.youtube.com\/embed\/vAvctLzBTDs\" width=\"1024\" height=\"768\" frameborder=\"0\" allowfullscreen=\"allowfullscreen\"><\/iframe><br \/>\n<span class=\"kiemeltcim\">Interj\u00fa Szegedy-Masz\u00e1k Mih\u00e1llyal<\/span> (2015)<\/p>\n<p style=\"text-align: center;\"><iframe loading=\"lazy\" src=\"https:\/\/mtabtk.videotorium.hu\/hu\/embed\/9533\" width=\"1024\" height=\"768\" frameborder=\"0\" allowfullscreen=\"allowfullscreen\"><\/iframe><br \/>\n<span class=\"kiemeltcim\">Foly\u00f3irat vagy k\u00f6nyv<\/span> (2014)<\/p>\n<p style=\"text-align: center;\"><iframe loading=\"lazy\" title=\"YouTube video player\" src=\"https:\/\/www.youtube.com\/embed\/MhmT0L5KSVw\" width=\"1274\" height=\"698\" frameborder=\"0\" allowfullscreen=\"allowfullscreen\"><\/iframe><br \/>\n<span class=\"kiemeltcim\">Kereszt\u00e9ny \u00f6r\u00f6ks\u00e9g a XIX-XX. sz\u00e1zadi irodalomban<\/span> (2014)<\/p>\n<p style=\"text-align: center;\"><iframe loading=\"lazy\" title=\"YouTube video player\" src=\"https:\/\/www.youtube.com\/embed\/JQ7mjH6semI\" width=\"1241\" height=\"698\" frameborder=\"0\" allowfullscreen=\"allowfullscreen\"><\/iframe><br \/>\n<iframe loading=\"lazy\" title=\"YouTube video player\" src=\"https:\/\/www.youtube.com\/embed\/xr7kXxnTMXc\" width=\"1241\" height=\"698\" frameborder=\"0\" allowfullscreen=\"allowfullscreen\"><\/iframe><br \/>\n<span class=\"kiemeltcim\">Somorjai Kaszin\u00f3: M\u00e1rai \u00e9s a Felvid\u00e9k 1-2.<\/span> (2014)<\/p>\n<div style=\"width: 750px;\" class=\"wp-video\"><video class=\"wp-video-shortcode\" id=\"video-90-1\" width=\"750\" height=\"563\" preload=\"metadata\" controls=\"controls\"><source type=\"video\/webm\" src=\"https:\/\/szegedy-maszak.hu\/wp-content\/uploads\/2022\/06\/Zarora_-_Szegedy-Maszak_Mihaly.webm?_=1\" \/><a href=\"https:\/\/szegedy-maszak.hu\/wp-content\/uploads\/2022\/06\/Zarora_-_Szegedy-Maszak_Mihaly.webm\">https:\/\/szegedy-maszak.hu\/wp-content\/uploads\/2022\/06\/Zarora_-_Szegedy-Maszak_Mihaly.webm<\/a><\/video><\/div>\n<p style=\"text-align: center;\"><span class=\"kiemeltcim\">Z\u00e1r\u00f3ra<\/span> (2013)<\/p>\n<p style=\"text-align: center;\"><iframe loading=\"lazy\" src=\"https:\/\/mtabtk.videotorium.hu\/hu\/embed\/5868\" width=\"1024\" height=\"768\" frameborder=\"0\" allowfullscreen=\"allowfullscreen\"><\/iframe><br \/>\n<span class=\"kiemeltcim\">Hogyan \u00e9rtelmezte a Hitelt egy korabeli olvas\u00f3?<\/span> (2012)<\/p>\n<p style=\"text-align: center;\"><iframe loading=\"lazy\" src=\"https:\/\/nava.hu\/embed\/me-63\" width=\"500\" height=\"300\" frameborder=\"0\" scrolling=\"no\" allowfullscreen=\"allowfullscreen\"><\/iframe><\/p>\n<p>Nemzeti irodalom \u00e9s vil\u00e1girodalom a 21. sz\u00e1zadban (<a href=\"https:\/\/nava.hu\/id\/me-63\/\" target=\"_blank\" rel=\"noopener\">Mindentud\u00e1s Egyeteme<\/a>, 2004)<\/p>\n<p><a href=\"http:\/\/catalog.c3.hu\/index.php?page=work&amp;id=50&amp;lang=HU\" target=\"_blank\" rel=\"noopener\">Sz\u00f3 \u00e9s k\u00e9p<\/a> &#8211; el\u0151ad\u00e1s az Erd\u00e9ly 08|80 szimpozionon<\/p>\n","protected":false},"excerpt":{"rendered":"<p>Vide\u00f3k \/ Videos Interj\u00fa Szegedy-Masz\u00e1k Mih\u00e1llyal (2015) Foly\u00f3irat vagy k\u00f6nyv (2014) Kereszt\u00e9ny \u00f6r\u00f6ks\u00e9g a XIX-XX. sz\u00e1zadi irodalomban (2014) Somorjai Kaszin\u00f3: M\u00e1rai \u00e9s a Felvid\u00e9k 1-2. (2014) Z\u00e1r\u00f3ra (2013) Hogyan \u00e9rtelmezte a Hitelt egy korabeli olvas\u00f3? (2012) Nemzeti irodalom \u00e9s vil\u00e1girodalom a 21. sz\u00e1zadban (Mindentud\u00e1s Egyeteme, 2004) Sz\u00f3 \u00e9s k\u00e9p &#8211; el\u0151ad\u00e1s az Erd\u00e9ly 08|80 szimpozionon<\/p>\n","protected":false},"author":1,"featured_media":0,"parent":0,"menu_order":0,"comment_status":"closed","ping_status":"closed","template":"","meta":{"footnotes":""},"class_list":["post-90","page","type-page","status-publish","hentry","entry"],"_links":{"self":[{"href":"https:\/\/szegedy-maszak.hu\/index.php?rest_route=\/wp\/v2\/pages\/90","targetHints":{"allow":["GET"]}}],"collection":[{"href":"https:\/\/szegedy-maszak.hu\/index.php?rest_route=\/wp\/v2\/pages"}],"about":[{"href":"https:\/\/szegedy-maszak.hu\/index.php?rest_route=\/wp\/v2\/types\/page"}],"author":[{"embeddable":true,"href":"https:\/\/szegedy-maszak.hu\/index.php?rest_route=\/wp\/v2\/users\/1"}],"replies":[{"embeddable":true,"href":"https:\/\/szegedy-maszak.hu\/index.php?rest_route=%2Fwp%2Fv2%2Fcomments&post=90"}],"version-history":[{"count":56,"href":"https:\/\/szegedy-maszak.hu\/index.php?rest_route=\/wp\/v2\/pages\/90\/revisions"}],"predecessor-version":[{"id":765,"href":"https:\/\/szegedy-maszak.hu\/index.php?rest_route=\/wp\/v2\/pages\/90\/revisions\/765"}],"wp:attachment":[{"href":"https:\/\/szegedy-maszak.hu\/index.php?rest_route=%2Fwp%2Fv2%2Fmedia&parent=90"}],"curies":[{"name":"wp","href":"https:\/\/api.w.org\/{rel}","templated":true}]}}