{"id":208,"date":"2022-03-13T18:15:25","date_gmt":"2022-03-13T18:15:25","guid":{"rendered":"https:\/\/szegedy-maszak.hu\/?page_id=208"},"modified":"2022-07-01T17:54:31","modified_gmt":"2022-07-01T17:54:31","slug":"interju-interview","status":"publish","type":"page","link":"https:\/\/szegedy-maszak.hu\/?page_id=208","title":{"rendered":"Interj\u00fa \/ Interview"},"content":{"rendered":"<p><span class=\"MENUcimszovegben\">Interj\u00fa \/ Interview<\/span><br \/>\n<span class=\"kiemeltcim\">&#8220;Amit \u00e9n csin\u00e1ltam, az meg\u0151rz\u00e9se valaminek&#8221;<\/span> (<a href=\"https:\/\/szegedy-maszak.hu\/wp-content\/uploads\/2022\/03\/Amit_en_csinaltam_az_megorzese_valaminek.pdf\" target=\"_blank\" rel=\"noopener\">pdf<\/a>, \u00c9let \u00e9s irodalom, 2016. j\u00falius 15.)<\/p>\n<p><span class=\"kiemeltcim\">Mib\u0151l lesz a vil\u00e1girodalom?<\/span> (<a href=\"https:\/\/szegedy-maszak.hu\/wp-content\/uploads\/2022\/03\/Mibol_lesz_a_vilagirodalom.pdf\" target=\"_blank\" rel=\"noopener\">pdf<\/a>, \u00c9let \u00e9s tudom\u00e1ny, 2004\/8, pp. 230-233)<\/p>\n<p><span class=\"kiemeltcim\">M\u00e1rai, a polg\u00e1r\u00edr\u00f3<\/span> (<a href=\"https:\/\/szegedy-maszak.hu\/wp-content\/uploads\/2022\/03\/Marai_a_polgariro.pdf\" target=\"_blank\" rel=\"noopener\">pdf<\/a>, napi Magyarorsz\u00e1g, 1999. febru\u00e1r 20., pp. 13)<\/p>\n<p><span class=\"kiemeltcim\">Ami a mi dolgunk<\/span> (<a href=\"https:\/\/szegedy-maszak.hu\/wp-content\/uploads\/2022\/03\/Ami_a_mi_dolgunk_Alfold_1995.pdf\" target=\"_blank\" rel=\"noopener\">pdf<\/a>, Alf\u00f6ld, 1995, pp.34-51.)<\/p>\n<p><span class=\"kiemeltcim\">Liberalizmus \u00e9s kult\u00fara &#8211; k\u00f6rk\u00e9rd\u00e9s<\/span> (<a href=\"https:\/\/szegedy-maszak.hu\/wp-content\/uploads\/2022\/03\/Liberalizmus_es_kultura_-_korkerdes_Nappalihaz_1994_01__pages105-109.pdf\" target=\"_blank\" rel=\"noopener\">pdf<\/a>, Nappalih\u00e1z, 1994\/01, pp. 105-109.)<\/p>\n<p><span class=\"kiemeltcim\">Az irodalom\u00e9rt\u00e9s korszer\u0171s\u00e9ge &#8211; k\u00f6rk\u00e9rd\u00e9s<\/span> (<a href=\"https:\/\/szegedy-maszak.hu\/wp-content\/uploads\/2022\/03\/Az_irodalomertes_korszerusege_-_korkerdes_Nappalihaz_1992_02__pages77-82.pdf\" target=\"_blank\" rel=\"noopener\">pdf<\/a>, Nappalih\u00e1z, 1992\/02, pp. 77-82.)<\/p>\n<p><span class=\"kiemeltcim\">&#8220;R\u00e9gi jogaiba \u00e1ll\u00edtani az \u00e9lm\u00e9nyt&#8221;<\/span> (<a href=\"https:\/\/szegedy-maszak.hu\/wp-content\/uploads\/2022\/03\/Regi_jogaiba_allitani_az_elmenyt_.pdf\" target=\"_blank\" rel=\"noopener\">pdf<\/a>, Magyar Nemzet, 1983. febru\u00e1r 22., pp. 4.)<\/p>\n","protected":false},"excerpt":{"rendered":"<p>Interj\u00fa \/ Interview &#8220;Amit \u00e9n csin\u00e1ltam, az meg\u0151rz\u00e9se valaminek&#8221; (pdf, \u00c9let \u00e9s irodalom, 2016. j\u00falius 15.) Mib\u0151l lesz a vil\u00e1girodalom? (pdf, \u00c9let \u00e9s tudom\u00e1ny, 2004\/8, pp. 230-233) M\u00e1rai, a polg\u00e1r\u00edr\u00f3 (pdf, napi Magyarorsz\u00e1g, 1999. febru\u00e1r 20., pp. 13) Ami a mi dolgunk (pdf, Alf\u00f6ld, 1995, pp.34-51.) Liberalizmus \u00e9s kult\u00fara &#8211; k\u00f6rk\u00e9rd\u00e9s (pdf, Nappalih\u00e1z, 1994\/01, pp.&hellip; <a class=\"more-link\" href=\"https:\/\/szegedy-maszak.hu\/?page_id=208\">Continue reading <span class=\"screen-reader-text\">Interj\u00fa \/ Interview<\/span><\/a><\/p>\n","protected":false},"author":1,"featured_media":0,"parent":0,"menu_order":0,"comment_status":"closed","ping_status":"closed","template":"","meta":{"footnotes":""},"class_list":["post-208","page","type-page","status-publish","hentry","entry"],"_links":{"self":[{"href":"https:\/\/szegedy-maszak.hu\/index.php?rest_route=\/wp\/v2\/pages\/208","targetHints":{"allow":["GET"]}}],"collection":[{"href":"https:\/\/szegedy-maszak.hu\/index.php?rest_route=\/wp\/v2\/pages"}],"about":[{"href":"https:\/\/szegedy-maszak.hu\/index.php?rest_route=\/wp\/v2\/types\/page"}],"author":[{"embeddable":true,"href":"https:\/\/szegedy-maszak.hu\/index.php?rest_route=\/wp\/v2\/users\/1"}],"replies":[{"embeddable":true,"href":"https:\/\/szegedy-maszak.hu\/index.php?rest_route=%2Fwp%2Fv2%2Fcomments&post=208"}],"version-history":[{"count":2,"href":"https:\/\/szegedy-maszak.hu\/index.php?rest_route=\/wp\/v2\/pages\/208\/revisions"}],"predecessor-version":[{"id":737,"href":"https:\/\/szegedy-maszak.hu\/index.php?rest_route=\/wp\/v2\/pages\/208\/revisions\/737"}],"wp:attachment":[{"href":"https:\/\/szegedy-maszak.hu\/index.php?rest_route=%2Fwp%2Fv2%2Fmedia&parent=208"}],"curies":[{"name":"wp","href":"https:\/\/api.w.org\/{rel}","templated":true}]}}